{"id":2292,"date":"2016-10-07T10:43:25","date_gmt":"2016-10-07T08:43:25","guid":{"rendered":"http:\/\/www.heavyteam.com\/it\/?page_id=2292"},"modified":"2025-07-29T09:42:28","modified_gmt":"2025-07-29T07:42:28","slug":"servizi","status":"publish","type":"page","link":"https:\/\/www.heavyteam.com\/it\/servizi\/","title":{"rendered":"Servizi"},"content":{"rendered":"<div class=\"wpb-content-wrapper\"><p>[vc_row][vc_column width=&#8221;2\/3&#8243;][vc_column_text]<\/p>\n<h3>Dai telonati ai trasporti pesanti<\/h3>\n<p>[\/vc_column_text][vc_column_text css=&#8221;&#8221;]Dato che per l&#8217;azienda la dimensione \u00e8 un aspetto rilevante, dal 2004 i <strong>professionisti dei trasporti tirolesi<\/strong> a breve e lunga distanza puntano con grande meticolosit\u00e0 anche sui <strong>telonati<\/strong>. Cordialit\u00e0, competenza e puntualit\u00e0 sono le caratteristiche che contraddistinguono il nostro team e fanno di <strong>HEAVYTEAM<\/strong> un partner commerciale affidabile ai massimi livelli. Sia per i <strong>trasporti speciali<\/strong> che per i <strong>carichi parziali e completi<\/strong> nel <strong>business dei telonati<\/strong>, i <strong>professionisti delle spedizioni di Kufstein<\/strong> viaggiano per i loro clienti non solo su tutto il territorio dell&#8217;Unione Europea, ma anche nell&#8217;Europa orientale e settentrionale e nei Balcani. Fino ad oggi da Kufstein sono stati organizzati pi\u00f9 di 20.000 (!) trasporti all&#8217;anno con la massima soddisfazione dei clienti.<\/p>\n<p>I <strong>trasporti speciali<\/strong> (nomen est omen) restano l&#8217;attivit\u00e0 preferita dell&#8217;<strong>azienda di spedizioni HEAVYTEAM di Kufstein<\/strong>. Questo dipende in parte dal fatto che l&#8217;azienda, quasi 20 anni fa, \u00e8 stata fondata proprio con questo obiettivo e negli anni ha maturato un&#8217;esperienza e un riconoscimento comprovati all&#8217;interno del settore; d&#8217;altra parte, nella centrale operativa di Kufstein, gli ordini di questo tipo sono sempre i benvenuti perch\u00e9 non devono mai essere gestiti secondo lo &#8220;schema F&#8221; e pertanto rappresentano sempre una sfida particolare.[\/vc_column_text][vc_empty_space height=&#8221;50px&#8221;][\/vc_column][vc_column width=&#8221;1\/3&#8243;][vc_column_text]<\/p>\n<h3>I professionisti dei trasporti del Tirolo<\/h3>\n<p>[\/vc_column_text][vc_single_image image=&#8221;4180&#8243; img_size=&#8221;full&#8221; onclick=&#8221;link_image&#8221;]<div class=\"stats-block stats-top  \"><div class=\"aio-icon-top\"><div class=\"ult-just-icon-wrapper  \"><div class=\"align-icon\" style=\"text-align:center;\">\n<div class=\"aio-icon none \" data-animation=\"fadeIn\" data-animation-delay=\"03\" style=\"color:#175ca7;font-size:38px;display:inline-block;\">\n\t<i class=\"Defaults-road\"><\/i>\n<\/div><\/div><\/div><\/div><div class=\"stats-desc\" id=\"counter-responsv-wrap-8609\"><div id=\"counter_377934411869fe02b3478eb\" data-id=\"counter_377934411869fe02b3478eb\"  data-ultimate-target='#counter-responsv-wrap-8609 .stats-number'  data-responsive-json-new='{\"font-size\":\"\",\"line-height\":\"\"}'  class=\"stats-number ult-responsive\" style=\"font-size:28px;  \" data-speed=\"3\" data-counter-value=\"20000\" data-separator=\".\" data-decimal=\",\">0<\/div><div id=\"title-counter_377934411869fe02b3478eb\"  data-ultimate-target='#counter-responsv-wrap-8609 .stats-text'  data-responsive-json-new='{\"font-size\":\"\",\"line-height\":\"\"}'  class=\"stats-text ult-responsive\" style=\"font-size:18px;  \">trasporti all'anno<\/div><\/div><\/div>[vc_empty_space height=&#8221;50px&#8221;][\/vc_column][\/vc_row][vc_row][vc_column]<div class=\"ult_row_spacer\"><div class=\"ult-sticky-anchor\"><div class=\"ult-sticky-section ult-sticky \"  data-gutter= '180' data-stick_behaviour= 'stick_permanent' data-lr_position= 'right' data-lr_value= '0'  data-sticky_width= 'customwidth'140 data-sticky_customwidth= '140' data-sticky_position= 'top' data-mobile='no' data-support='no'>[vc_single_image image=&#8221;24529&#8243; img_size=&#8221;full&#8221; alignment=&#8221;center&#8221; css=&#8221;.vc_custom_1753293500201{margin-bottom: 100px !important;border-top-width: 15px !important;border-right-width: 10px !important;border-bottom-width: 15px !important;border-left-width: 15px !important;background-color: #ffffff !important;border-left-style: solid !important;border-right-style: solid !important;border-top-style: solid !important;border-bottom-style: solid !important;border-color: #ffffff !important;}&#8221; image_hovers=&#8221;false&#8221;]<\/div><div class=\"ult-space\"><\/div><\/div><\/div>[\/vc_column][\/vc_row]<\/p>\n<\/div>","protected":false},"excerpt":{"rendered":"<p>[vc_row][vc_column width=&#8221;2\/3&#8243;][vc_column_text] Dai telonati ai trasporti pesanti [\/vc_column_text][vc_column_text css=&#8221;&#8221;]Dato che per l&#8217;azienda la dimensione \u00e8 un aspetto rilevante, dal 2004 i professionisti dei trasporti tirolesi a breve e lunga distanza puntano con grande meticolosit\u00e0 anche sui telonati. Cordialit\u00e0, competenza e puntualit\u00e0 sono le caratteristiche che contraddistinguono il nostro team e fanno di HEAVYTEAM un partner&hellip;<\/p>\n","protected":false},"author":1,"featured_media":0,"parent":0,"menu_order":20,"comment_status":"closed","ping_status":"closed","template":"","meta":{"footnotes":""},"_links":{"self":[{"href":"https:\/\/www.heavyteam.com\/it\/wp-json\/wp\/v2\/pages\/2292"}],"collection":[{"href":"https:\/\/www.heavyteam.com\/it\/wp-json\/wp\/v2\/pages"}],"about":[{"href":"https:\/\/www.heavyteam.com\/it\/wp-json\/wp\/v2\/types\/page"}],"author":[{"embeddable":true,"href":"https:\/\/www.heavyteam.com\/it\/wp-json\/wp\/v2\/users\/1"}],"replies":[{"embeddable":true,"href":"https:\/\/www.heavyteam.com\/it\/wp-json\/wp\/v2\/comments?post=2292"}],"version-history":[{"count":7,"href":"https:\/\/www.heavyteam.com\/it\/wp-json\/wp\/v2\/pages\/2292\/revisions"}],"predecessor-version":[{"id":24631,"href":"https:\/\/www.heavyteam.com\/it\/wp-json\/wp\/v2\/pages\/2292\/revisions\/24631"}],"wp:attachment":[{"href":"https:\/\/www.heavyteam.com\/it\/wp-json\/wp\/v2\/media?parent=2292"}],"curies":[{"name":"wp","href":"https:\/\/api.w.org\/{rel}","templated":true}]}}