{"id":2299,"date":"2016-10-07T11:29:50","date_gmt":"2016-10-07T09:29:50","guid":{"rendered":"http:\/\/www.heavyteam.com\/it\/?page_id=2299"},"modified":"2025-07-29T09:41:52","modified_gmt":"2025-07-29T07:41:52","slug":"autorizzazioni","status":"publish","type":"page","link":"https:\/\/www.heavyteam.com\/it\/parco-veicoli\/autorizzazioni\/","title":{"rendered":"Autorizzazioni"},"content":{"rendered":"<div class=\"wpb-content-wrapper\"><p>[vc_row][vc_column width=&#8221;1\/2&#8243;][vc_column_text]<\/p>\n<h3>HEAVYTEAM dispone di \u2026<\/h3>\n<p>[\/vc_column_text][vc_column_text]\u2026 autorizzazioni eccezionali permanenti nei seguenti Paesi:<\/p>\n<p>Per tutti gli altri Paesi HEAVYTEAM \u00e8 in grado di procurare le autorizzazioni eccezionali in tempi rapidi, poich\u00e9 pu\u00f2 contare sui propri agenti in qualit\u00e0 di partner sia in tutti gli Stati europei, sia in quelli dell&#8217;Europa dell&#8217;Est.[\/vc_column_text][vc_empty_space height=&#8221;50px&#8221;][\/vc_column][vc_column width=&#8221;1\/2&#8243;][vc_column_text]<\/p>\n<h3>Autorizzazioni eccezionali permanenti<\/h3>\n<p>[\/vc_column_text][vc_column_text]<\/p>\n<div class=\"wrap\">\n<table style=\"width: 100%;\" border=\"0\" cellspacing=\"0\" cellpadding=\"0\">\n<tbody>\n<tr>\n<td class=\"hintergrund_dunkelblau\" valign=\"top\"><span class=\"weiss\">\u00a0<em><strong>Paese<\/strong><\/em><\/span><\/td>\n<td class=\"hintergrund_hellblau\" style=\"text-align: center;\" valign=\"top\"><strong><em><span class=\"weiss\">\u00a0Lunghezza (in m)<\/span><\/em><\/strong><\/td>\n<td class=\"hintergrund_hellblau\" style=\"text-align: center;\" valign=\"top\"><em><strong><span class=\"weiss\">\u00a0Larghezza (in m)<\/span><\/strong><\/em><\/td>\n<td class=\"hintergrund_hellblau\" style=\"text-align: center;\" valign=\"top\"><span class=\"weiss\">\u00a0<em><strong>Altezza (in m)<\/strong><\/em><\/span><\/td>\n<td class=\"hintergrund_hellblau\" style=\"text-align: center;\" valign=\"top\"><span class=\"weiss\">\u00a0<em><strong>Peso (in t)<\/strong><\/em><\/span><\/td>\n<\/tr>\n<tr class=\"hintergrund_dunkelgrau\" valign=\"top\">\n<td class=\"hintergrund_dg_blaueschrift\" valign=\"top\"><span class=\"dunkelblau\">\u00a0<strong>Austria<\/strong><\/span><\/td>\n<td style=\"text-align: center;\"><span class=\"schwarz\">\u00a022,0<\/span><\/td>\n<td style=\"text-align: center;\"><span class=\"schwarz\">\u00a03,5<\/span><\/td>\n<td style=\"text-align: center;\"><span class=\"schwarz\">\u00a04,2<\/span><\/td>\n<td style=\"text-align: center;\"><span class=\"schwarz\">\u00a060,0<\/span><\/td>\n<\/tr>\n<tr class=\"hintergrund_hellgrau\" valign=\"top\">\n<td class=\"hintergrund_hg_blaueschrift\" valign=\"top\"><span class=\"dunkelblau\">\u00a0<strong>Germania<\/strong><\/span><\/td>\n<td style=\"text-align: center;\"><span class=\"schwarz\">\u00a022,0<\/span><\/td>\n<td style=\"text-align: center;\"><span class=\"schwarz\">\u00a03,0<\/span><\/td>\n<td style=\"text-align: center;\"><span class=\"schwarz\">\u00a04,0<\/span><\/td>\n<td style=\"text-align: center;\"><span class=\"schwarz\">\u00a041,8<\/span><\/td>\n<\/tr>\n<tr class=\"hintergrund_dunkelgrau\" valign=\"top\">\n<td class=\"hintergrund_dg_blaueschrift\" valign=\"top\"><span class=\"dunkelblau\">\u00a0<strong>Italia<\/strong><\/span><\/td>\n<td style=\"text-align: center;\"><span class=\"schwarz\">\u00a020,0<\/span><\/td>\n<td style=\"text-align: center;\"><span class=\"schwarz\">\u00a03,0<\/span><\/td>\n<td style=\"text-align: center;\"><span class=\"schwarz\">\u00a04,3<\/span><\/td>\n<td style=\"text-align: center;\"><span class=\"schwarz\">\u00a043,8<\/span><\/td>\n<\/tr>\n<tr class=\"hintergrund_hellgrau\" valign=\"top\">\n<td class=\"hintergrund_hg_blaueschrift\" valign=\"top\"><span class=\"dunkelblau\">\u00a0<strong>Belgio<\/strong><\/span><\/td>\n<td style=\"text-align: center;\"><span class=\"schwarz\">\u00a021,0<\/span><\/td>\n<td style=\"text-align: center;\"><span class=\"schwarz\">\u00a03,5<\/span><\/td>\n<td style=\"text-align: center;\"><span class=\"schwarz\">\u00a04,0<\/span><\/td>\n<td class=\"hintergrund_hellgrau\" style=\"text-align: center;\" valign=\"top\"><span class=\"schwarz\">\u00a044,0<\/span><\/td>\n<\/tr>\n<tr class=\"hintergrund_dunkelgrau\" valign=\"top\">\n<td class=\"hintergrund_dg_blaueschrift\" valign=\"top\"><span class=\"dunkelblau\">\u00a0<strong>Francia<\/strong><\/span><\/td>\n<td style=\"text-align: center;\"><span class=\"schwarz\">\u00a025,0<\/span><\/td>\n<td style=\"text-align: center;\"><span class=\"schwarz\">\u00a04,0<\/span><\/td>\n<td style=\"text-align: center;\"><span class=\"schwarz\">\u00a04,4<\/span><\/td>\n<td style=\"text-align: center;\"><span class=\"schwarz\">\u00a048,0<\/span><\/td>\n<\/tr>\n<tr class=\"hintergrund_hellgrau\" valign=\"top\">\n<td class=\"hintergrund_hg_blaueschrift\" valign=\"top\"><span class=\"dunkelblau\">\u00a0<strong>Danimarca<\/strong><\/span><\/td>\n<td style=\"text-align: center;\"><span class=\"schwarz\">\u00a022,0<\/span><\/td>\n<td style=\"text-align: center;\"><span class=\"schwarz\">\u00a03,3<\/span><\/td>\n<td style=\"text-align: center;\"><span class=\"schwarz\">\u00a04,0<\/span><\/td>\n<td style=\"text-align: center;\"><span class=\"schwarz\">\u00a048,0<\/span><\/td>\n<\/tr>\n<tr class=\"hintergrund_dunkelgrau\" valign=\"top\">\n<td class=\"hintergrund_dg_blaueschrift\" valign=\"top\"><span class=\"dunkelblau\">\u00a0<strong>Spagna<\/strong><\/span><\/td>\n<td class=\"hintergrund_dunkelgrau\" style=\"text-align: center;\" valign=\"top\"><span class=\"schwarz\">\u00a020,5<\/span><\/td>\n<td style=\"text-align: center;\"><span class=\"schwarz\">\u00a03,0<\/span><\/td>\n<td style=\"text-align: center;\"><span class=\"schwarz\">\u00a04,5<\/span><\/td>\n<td class=\"hintergrund_dunkelgrau\" style=\"text-align: center;\" valign=\"top\"><span class=\"schwarz\">\u00a045,0<\/span><\/td>\n<\/tr>\n<\/tbody>\n<\/table>\n<\/div>\n<p>[\/vc_column_text][vc_empty_space height=&#8221;50px&#8221;][\/vc_column][\/vc_row][vc_row][vc_column]<div class=\"ult_row_spacer\"><div class=\"ult-sticky-anchor\"><div class=\"ult-sticky-section ult-sticky \"  data-gutter= '180' data-stick_behaviour= 'stick_permanent' data-lr_position= 'right' data-lr_value= '0'  data-sticky_width= 'customwidth'140 data-sticky_customwidth= '140' data-sticky_position= 'top' data-mobile='no' data-support='no'>[vc_single_image image=&#8221;24529&#8243; img_size=&#8221;full&#8221; alignment=&#8221;center&#8221; css=&#8221;.vc_custom_1753293500201{margin-bottom: 100px !important;border-top-width: 15px !important;border-right-width: 10px !important;border-bottom-width: 15px !important;border-left-width: 15px !important;background-color: #ffffff !important;border-left-style: solid !important;border-right-style: solid !important;border-top-style: solid !important;border-bottom-style: solid !important;border-color: #ffffff !important;}&#8221; image_hovers=&#8221;false&#8221;]<\/div><div class=\"ult-space\"><\/div><\/div><\/div>[\/vc_column][\/vc_row]<\/p>\n<\/div>","protected":false},"excerpt":{"rendered":"<p>[vc_row][vc_column width=&#8221;1\/2&#8243;][vc_column_text] HEAVYTEAM dispone di \u2026 [\/vc_column_text][vc_column_text]\u2026 autorizzazioni eccezionali permanenti nei seguenti Paesi: Per tutti gli altri Paesi HEAVYTEAM \u00e8 in grado di procurare le autorizzazioni eccezionali in tempi rapidi, poich\u00e9 pu\u00f2 contare sui propri agenti in qualit\u00e0 di partner sia in tutti gli Stati europei, sia in quelli dell&#8217;Europa dell&#8217;Est.[\/vc_column_text][vc_empty_space height=&#8221;50px&#8221;][\/vc_column][vc_column width=&#8221;1\/2&#8243;][vc_column_text] Autorizzazioni eccezionali&hellip;<\/p>\n","protected":false},"author":1,"featured_media":0,"parent":2294,"menu_order":20,"comment_status":"closed","ping_status":"closed","template":"","meta":{"footnotes":""},"_links":{"self":[{"href":"https:\/\/www.heavyteam.com\/it\/wp-json\/wp\/v2\/pages\/2299"}],"collection":[{"href":"https:\/\/www.heavyteam.com\/it\/wp-json\/wp\/v2\/pages"}],"about":[{"href":"https:\/\/www.heavyteam.com\/it\/wp-json\/wp\/v2\/types\/page"}],"author":[{"embeddable":true,"href":"https:\/\/www.heavyteam.com\/it\/wp-json\/wp\/v2\/users\/1"}],"replies":[{"embeddable":true,"href":"https:\/\/www.heavyteam.com\/it\/wp-json\/wp\/v2\/comments?post=2299"}],"version-history":[{"count":2,"href":"https:\/\/www.heavyteam.com\/it\/wp-json\/wp\/v2\/pages\/2299\/revisions"}],"predecessor-version":[{"id":24629,"href":"https:\/\/www.heavyteam.com\/it\/wp-json\/wp\/v2\/pages\/2299\/revisions\/24629"}],"up":[{"embeddable":true,"href":"https:\/\/www.heavyteam.com\/it\/wp-json\/wp\/v2\/pages\/2294"}],"wp:attachment":[{"href":"https:\/\/www.heavyteam.com\/it\/wp-json\/wp\/v2\/media?parent=2299"}],"curies":[{"name":"wp","href":"https:\/\/api.w.org\/{rel}","templated":true}]}}