{"id":2301,"date":"2016-10-07T11:40:34","date_gmt":"2016-10-07T09:40:34","guid":{"rendered":"http:\/\/www.heavyteam.com\/it\/?page_id=2301"},"modified":"2025-07-29T09:40:39","modified_gmt":"2025-07-29T07:40:39","slug":"team","status":"publish","type":"page","link":"https:\/\/www.heavyteam.com\/it\/team\/","title":{"rendered":"Team"},"content":{"rendered":"<div class=\"wpb-content-wrapper\"><p>[vc_row margin_top=&#8221;40&#8243; margin_bottom=&#8221;40&#8243;][vc_column]<div class=\"hr-thin style-dashed\" style=\"width: 100%;border-top-width: 1px;\"><\/div>[\/vc_column][\/vc_row][vc_row margin_top=&#8221;40&#8243; margin_bottom=&#8221;40&#8243;][vc_column][vc_column_text]<\/p>\n<h3>Lavorare in Heavyteam<\/h3>\n<p>[\/vc_column_text][vc_single_image image=&#8221;1809&#8243; img_size=&#8221;full&#8221; alignment=&#8221;center&#8221; style=&#8221;vc_box_border&#8221;][vc_column_text css=&#8221;&#8221;]Il nome <strong>HEAVYTEAM<\/strong> \u00e8 sinonimo di un <strong>autentico lavoro di squadra<\/strong>. Non solo all&#8217;interno del team di Kufstein, ma anche e soprattutto con le imprese committenti.<\/p>\n<p><strong>Percorsi decisionali rapidi<\/strong> contraddistinguono <strong>HEAVYTEAM<\/strong> nell&#8217;attivit\u00e0 operativa. Da ci\u00f2 risulta un&#8217;<strong>evasione rapida degli ordini<\/strong> e il <strong>rispetto delle scadenze<\/strong> giustamente richiesto. Inoltre la clientela apprezza il fatto che gli esperti di trasporti tirolesi siano presenti con i loro camion praticamente in tutte le regioni importanti d&#8217;Europa.\u00a0<strong>HEAVYTEAM<\/strong> scommette sulla sua sede di Kufstein poich\u00e9 la localit\u00e0, dal punto di vista geografico, \u00e8 ubicata in una posizione perfetta sull&#8217;asse nord-sud. Per questa ragione la nuova sede ultra moderna a sud di <strong>Kufstein<\/strong> \u00e8 orientata a tutte le possibilit\u00e0 tecniche pi\u00f9 all&#8217;avanguardia, ma non solo: offre anche un&#8217;atmosfera piacevole per gli apprezzati collaboratori e collaboratrici. Con il trasferimento nella nuova sede aziendale, per <strong>HEAVYTEAM<\/strong> si realizzano svariati sogni: molto pi\u00f9 spazio in pi\u00f9, insonorizzazione ottimizzata, uffici separati per il parco veicoli di propriet\u00e0, il coordinamento e la contabilit\u00e0, locali gradevoli per le riunioni, il lavoro e la formazione e un edificio adatto ai disabili.[\/vc_column_text]<div class=\"hr-thin style-dashed\" style=\"width: 100%;border-top-width: 1px;\"><\/div>[\/vc_column][\/vc_row][vc_row margin_bottom=&#8221;-40&#8243;][vc_column offset=&#8221;vc_col-lg-6 vc_col-md-6 vc_col-xs-12&#8243;][vc_column_text]<\/p>\n<h3>Entra a far parte di HEAVYTEAM!<\/h3>\n<p>[\/vc_column_text][vc_column_text]\n<div class=\"wpcf7 no-js\" id=\"wpcf7-f2200-o1\" lang=\"en-US\" dir=\"ltr\">\n<div class=\"screen-reader-response\"><p role=\"status\" aria-live=\"polite\" aria-atomic=\"true\"><\/p> <ul><\/ul><\/div>\n<form action=\"\/it\/wp-json\/wp\/v2\/pages\/2301#wpcf7-f2200-o1\" method=\"post\" class=\"wpcf7-form init wpcf7-acceptance-as-validation\" aria-label=\"Contact form\" novalidate=\"novalidate\" data-status=\"init\">\n<div style=\"display: none;\">\n<input type=\"hidden\" name=\"_wpcf7\" value=\"2200\" \/>\n<input type=\"hidden\" name=\"_wpcf7_version\" value=\"5.9.6\" \/>\n<input type=\"hidden\" name=\"_wpcf7_locale\" value=\"en_US\" \/>\n<input type=\"hidden\" name=\"_wpcf7_unit_tag\" value=\"wpcf7-f2200-o1\" \/>\n<input type=\"hidden\" name=\"_wpcf7_container_post\" value=\"0\" \/>\n<input type=\"hidden\" name=\"_wpcf7_posted_data_hash\" value=\"\" \/>\n<\/div>\n<p><span class=\"wpcf7-form-control-wrap\" data-name=\"your-name\"><input size=\"40\" maxlength=\"80\" class=\"wpcf7-form-control wpcf7-text wpcf7-validates-as-required\" aria-required=\"true\" aria-invalid=\"false\" placeholder=\"Nome *\" value=\"\" type=\"text\" name=\"your-name\" \/><\/span>\n<\/p>\n<p><span class=\"wpcf7-form-control-wrap\" data-name=\"your-email\"><input size=\"40\" maxlength=\"80\" class=\"wpcf7-form-control wpcf7-email wpcf7-validates-as-required wpcf7-text wpcf7-validates-as-email\" aria-required=\"true\" aria-invalid=\"false\" placeholder=\"Indirizzo e-mail *\" value=\"\" type=\"email\" name=\"your-email\" \/><\/span>\n<\/p>\n<p><span class=\"wpcf7-form-control-wrap\" data-name=\"tel-119\"><input size=\"40\" maxlength=\"80\" class=\"wpcf7-form-control wpcf7-tel wpcf7-text wpcf7-validates-as-tel\" aria-invalid=\"false\" placeholder=\"Numero di telefono\" value=\"\" type=\"tel\" name=\"tel-119\" \/><\/span>\n<\/p>\n<p><span class=\"wpcf7-form-control-wrap\" data-name=\"your-message\"><textarea cols=\"40\" rows=\"10\" maxlength=\"400\" class=\"wpcf7-form-control wpcf7-textarea wpcf7-validates-as-required\" aria-required=\"true\" aria-invalid=\"false\" placeholder=\"Messaggio *\" name=\"your-message\"><\/textarea><\/span>\n<\/p>\n<p class=\"ht-ds\"><span class=\"wpcf7-form-control-wrap\" data-name=\"acceptance-564\"><span class=\"wpcf7-form-control wpcf7-acceptance\"><span class=\"wpcf7-list-item\"><input type=\"checkbox\" name=\"acceptance-564\" value=\"1\" aria-invalid=\"false\" \/><\/span><\/span><\/span> Ho letto l'informativa sulla <a href=\"https:\/\/www.heavyteam.com\/it\/privacy\/\" target=\"_blank\">privacy<\/a> e acconsento al trattamento dei miei dati personali ai fini dell\u2019elaborazione della mia richiesta.\n<\/p>\n<p><input type=\"hidden\" id=\"hash_c_a4c99289cbf113fe2a6e\" name=\"f12_captcha-842_hash\" value=\"$2y$10$IBBVu9WSEzmNXhYOguIeueQRBRrf2qVdGE6DO955PFZaURgBAbod6\"\/><div class=\" \" ><label><div class=\"c-header\"><div class=\"c-label\">Captcha<\/div><div class=\"c-data\"><span class=\"captcha-calculation\">7 - 2 = ?<\/span><\/div><div class=\"c-reload\"><a href=\"javascript:void(0);\" class=\"cf7 captcha-reload\" title=\"Reload Captcha\"><img decoding=\"async\" style=\"margin-top:5px;\" src=\"https:\/\/www.heavyteam.com\/wp-content\/plugins\/captcha-for-contact-form-7\/core\/assets\/reload-icon.png\" alt=\"Reload\"\/><\/a><\/div><\/div><\/label><input class=\"f12c\" data-method=\"math\" captchamethod=\"math\" class=\"wpcf7-form-control wpcf7-f12_captcha wpcf7-validates-as-captcha\" tabindex=\"\" step=\"\" aria-required=\"true\" aria-invalid=\"false\" placeholder=\"Captcha\" value=\"\" type=\"text\" name=\"f12_captcha-842\"  type=\"text\" id=\"c_a4c99289cbf113fe2a6e\" name=\"f12_captcha-842\" placeholder=\"Captcha\" value=\"\"\/><\/div>\n<p><p><span class=\"wpcf7-form-control-wrap\"><input id=\"f12_captcha\" type=\"text\" style=\"visibility:hidden!important; opacity:1!important; height:0!important; width:0!important; margin:0!important; padding:0!important;\" name=\"f12_captcha\" value=\"\"\/><\/span><\/p><input class=\"wpcf7-form-control wpcf7-submit has-spinner\" type=\"submit\" value=\"Invia\" \/>\n<\/p>\n<p><input id=\"f12_captcha-462\" type=\"text\" style=\"visibility:hidden!important; opacity:1!important; height:0!important; width:0!important; margin:0!important; padding:0!important;\" name=\"f12_captcha-462\" value=\"\"\/>\n<\/p><div class=\"wpcf7-response-output\" aria-hidden=\"true\"><\/div>\n<\/form>\n<\/div>\n[\/vc_column_text][vc_empty_space height=&#8221;40px&#8221;][\/vc_column][vc_column offset=&#8221;vc_col-lg-6 vc_col-md-6 vc_col-xs-12&#8243;][vc_row_inner][vc_column_inner width=&#8221;1\/2&#8243;][vc_column_text]<\/p>\n<h3>HEAVYTEAM offre<\/h3>\n<p>[\/vc_column_text]<div class=\"standard-arrow bullet-top\"><ul>\n<li>un clima di lavoro piacevole<\/li>\n<li>un team giovane e motivato<\/li>\n<li>buone opportunit\u00e0 di guadagno<\/li>\n<li>libera organizzazione del tempo<\/li>\n<li>ambienti moderni<\/li>\n<li>formazione continua<\/li>\n<li>eventi aziendali<\/li>\n<li>gerarchia piatta<\/li>\n<\/ul>\n<\/div>[\/vc_column_inner][vc_column_inner width=&#8221;1\/2&#8243;][vc_column_text]<\/p>\n<h3>Requisiti<\/h3>\n<p>[\/vc_column_text]<div class=\"standard-arrow bullet-top\"><ul>\n<li>conoscenza delle lingue<\/li>\n<li>propensione ai rapporti\/contatti interpersonali<\/li>\n<li>propensione al colloquio telefonico<\/li>\n<li>conoscenze informatiche<\/li>\n<li>abilit\u00e0 nella trattativa<\/li>\n<li>talento organizzativo<\/li>\n<li>attitudine al lavoro di squadra<\/li>\n<\/ul>\n<\/div>[\/vc_column_inner][\/vc_row_inner][vc_empty_space height=&#8221;40px&#8221;][\/vc_column][\/vc_row][vc_row][vc_column]<div class=\"ult_row_spacer\"><div class=\"ult-sticky-anchor\"><div class=\"ult-sticky-section ult-sticky \"  data-gutter= '180' data-stick_behaviour= 'stick_permanent' data-lr_position= 'right' data-lr_value= '0'  data-sticky_width= 'customwidth'140 data-sticky_customwidth= '140' data-sticky_position= 'top' data-mobile='no' data-support='no'>[vc_single_image image=&#8221;24529&#8243; img_size=&#8221;full&#8221; alignment=&#8221;center&#8221; css=&#8221;.vc_custom_1753293500201{margin-bottom: 100px !important;border-top-width: 15px !important;border-right-width: 10px !important;border-bottom-width: 15px !important;border-left-width: 15px !important;background-color: #ffffff !important;border-left-style: solid !important;border-right-style: solid !important;border-top-style: solid !important;border-bottom-style: solid !important;border-color: #ffffff !important;}&#8221; image_hovers=&#8221;false&#8221;]<\/div><div class=\"ult-space\"><\/div><\/div><\/div>[\/vc_column][\/vc_row]<\/p>\n<\/div>","protected":false},"excerpt":{"rendered":"<p>[vc_row margin_top=&#8221;40&#8243; margin_bottom=&#8221;40&#8243;][vc_column][\/vc_column][\/vc_row][vc_row margin_top=&#8221;40&#8243; margin_bottom=&#8221;40&#8243;][vc_column][vc_column_text] Lavorare in Heavyteam [\/vc_column_text][vc_single_image image=&#8221;1809&#8243; img_size=&#8221;full&#8221; alignment=&#8221;center&#8221; style=&#8221;vc_box_border&#8221;][vc_column_text css=&#8221;&#8221;]Il nome HEAVYTEAM \u00e8 sinonimo di un autentico lavoro di squadra. Non solo all&#8217;interno del team di Kufstein, ma anche e soprattutto con le imprese committenti. Percorsi decisionali rapidi contraddistinguono HEAVYTEAM nell&#8217;attivit\u00e0 operativa. Da ci\u00f2 risulta un&#8217;evasione rapida degli ordini e il&hellip;<\/p>\n","protected":false},"author":1,"featured_media":0,"parent":0,"menu_order":15,"comment_status":"closed","ping_status":"closed","template":"template-team.php","meta":{"footnotes":""},"_links":{"self":[{"href":"https:\/\/www.heavyteam.com\/it\/wp-json\/wp\/v2\/pages\/2301"}],"collection":[{"href":"https:\/\/www.heavyteam.com\/it\/wp-json\/wp\/v2\/pages"}],"about":[{"href":"https:\/\/www.heavyteam.com\/it\/wp-json\/wp\/v2\/types\/page"}],"author":[{"embeddable":true,"href":"https:\/\/www.heavyteam.com\/it\/wp-json\/wp\/v2\/users\/1"}],"replies":[{"embeddable":true,"href":"https:\/\/www.heavyteam.com\/it\/wp-json\/wp\/v2\/comments?post=2301"}],"version-history":[{"count":4,"href":"https:\/\/www.heavyteam.com\/it\/wp-json\/wp\/v2\/pages\/2301\/revisions"}],"predecessor-version":[{"id":24626,"href":"https:\/\/www.heavyteam.com\/it\/wp-json\/wp\/v2\/pages\/2301\/revisions\/24626"}],"wp:attachment":[{"href":"https:\/\/www.heavyteam.com\/it\/wp-json\/wp\/v2\/media?parent=2301"}],"curies":[{"name":"wp","href":"https:\/\/api.w.org\/{rel}","templated":true}]}}