{"id":2342,"date":"2016-10-07T12:56:45","date_gmt":"2016-10-07T10:56:45","guid":{"rendered":"http:\/\/www.heavyteam.com\/it\/?page_id=2342"},"modified":"2026-02-06T10:44:58","modified_gmt":"2026-02-06T09:44:58","slug":"informazioni-redazionali","status":"publish","type":"page","link":"https:\/\/www.heavyteam.com\/it\/informazioni-redazionali\/","title":{"rendered":"Informazioni redazionali"},"content":{"rendered":"<div class=\"wpb-content-wrapper\"><p>[vc_row][vc_column width=&#8221;1\/4&#8243;][\/vc_column][vc_column width=&#8221;1\/2&#8243;][vc_column_text]<\/p>\n<h3 style=\"text-align: center;\">Contatto<\/h3>\n<p>[\/vc_column_text][vc_column_text css=&#8221;&#8221;]<\/p>\n<p style=\"text-align: center;\"><strong>Heavyteam-Spezialtransport GmbH<\/strong><\/p>\n<p style=\"text-align: center;\">Amministratore delegato: Martin Gruber<\/p>\n<p style=\"text-align: center;\">M\u00fcnchner Stra\u00dfe 23<br \/>\n6330 Kufstein<br \/>\nAustria<\/p>\n<p style=\"text-align: center;\">Tel: +43 5372 71720<br \/>\nFax: +43 5372 71720-5<\/p>\n<p style=\"text-align: center;\"><a href=\"mailto:info@heavyteam.com\">info@heavyteam.com<\/a><br \/>\n<a href=\"https:\/\/www.heavyteam.com\">www.heavyteam.com<\/a><\/p>\n<p style=\"text-align: center;\">P.IVA: ATU 49846804<br \/>\nN. registro imprese: FN 195469f<br \/>\nOggetto sociale: Transportgewerbe<br \/>\nTribunale distrettuale: Landesgericht Innsbruck<br \/>\nMembro della WKO Tirol<br \/>\nGewerbeordnung Bezirkshauptmannschaft Kufstein<\/p>\n<p>[\/vc_column_text][vc_empty_space height=&#8221;50px&#8221;][\/vc_column][vc_column width=&#8221;1\/4&#8243;][\/vc_column][\/vc_row][vc_row][vc_column][vc_column_text]<strong>Progettazione e realizzazione: <a href=\"http:\/\/www.pixelschupfa.com\" target=\"_blank\" rel=\"noopener\">www.pixelschupfa.com<\/a><\/strong><\/p>\n<p><strong>Immagini: <a href=\"http:\/\/www.echtfoto.at\" target=\"_blank\" rel=\"noopener\">www.echtfoto.at<\/a>; HEAVYTEAM;<\/strong><\/p>\n<p>Malgrado la massima accuratezza applicata nella scelta e nella rappresentazione dei contenuti, non si pu\u00f2 escludere la presenza di errori per i quali si declina ogni responsabilit\u00e0.<\/p>\n<p><strong>Copyright:<\/strong> Tutte le grafiche, fotografie, testi, file multimediali o simili sono protetti dal diritto d&#8217;autore e sono soggetti al copyright del rispettivo titolare. I contenuti di questo sito web non possono essere inoltrati, copiati o modificati per scopi commerciali. L&#8217;inoltro a terzi \u00e8 severamente vietato.<\/p>\n<p><strong>Google Analytics:<\/strong> Il nostro sito web utilizza Google Analytics, un servizio di analisi web di Google. Google Analytics utilizza i cosiddetti \u201ccookie\u201c, piccoli file di testo, che vengono memorizzati sul vostro computer e che consentono un&#8217;analisi dell\u2019uso del sito web. Le informazioni generate con i cookie in merito all\u2019uso di questo sito web (incluso il vostro indirizzo IP) vengono trasmesse ad un server di Google negli USA e qui memorizzate. Google utilizza queste informazioni per valutare il vostro utilizzo del sito web al fine di preparare relazioni sulle attivit\u00e0 del sito web per il rispettivo gestore e al fine di fornire altri servizi associati all\u2019utilizzo del sito web e di Internet. Google trasmetter\u00e0 eventualmente queste informazioni a terzi se ci\u00f2 \u00e8 prescritto dalla legge o se terzi elaborano questi dati su incarico di Google. Google non assocer\u00e0 mai il vostro indirizzo IP con altri dati di Google. \u00c8 possibile impedire l&#8217;installazione dei cookie con un\u2019apposita impostazione del vostro software di navigazione; tuttavia vi ricordiamo che in tal caso non potrete sfruttare appieno tutte le funzionalit\u00e0 di questo sito web. Utilizzando questo sito internet accettate l\u2019elaborazione dei vostri dati rilevati da parte di Google nel modo precedentemente descritto e per lo scopo summenzionato.<\/p>\n<p><strong>Links:<\/strong> Decliniamo qualsiasi responsabilit\u00e0 per i contenuti di tutti i link che portano a siti esterni a www.heavyteam.com. Per il contenuto dei siti collegati tramite link sono responsabili esclusivamente i rispettivi gestori.<\/p>\n<p><strong>Dati personali:<\/strong> Con la navigazione del nostro sito web \u00e8 possibile che vengano memorizzate informazioni (data, ora, pagina consultata) relative all&#8217;accesso al server. Non vengono memorizzati dati personali (come ad esempio nome, indirizzo o indirizzo e-mail). Se vengono raccolti dati personali, ove possibile ci\u00f2 avviene solo con il consenso preliminare dell&#8217;utente del sito web. L&#8217;inoltro dei dati a terzi non ha luogo senza l&#8217;esplicito consenso dell&#8217;utente. Segnaliamo che la trasmissione dei dati via Internet (ad esempio via e-mail) pu\u00f2 presentare lacune di sicurezza e che non \u00e8 possibile garantire una protezione totale dei dati dall&#8217;accesso di terzi. Il fornitore di servizi declina ogni responsabilit\u00e0 per i danni derivanti da tali lacune di sicurezza.<\/p>\n<p><strong>Utilizzo de cookie:<\/strong> Sul nostro sito web si utilizzano i cosiddetti cookie che ne facilitano l&#8217;uso. I cookie sono piccoli file di testo che il vostro browser salva sul vostro computer. In base all&#8217;impostazione del browser questi vengono cancellati al termine della sessione. In parte questi cookie contengono per\u00f2 informazioni che permettono di riconoscervi automaticamente. Il riconoscimento avviene sulla base dell&#8217;indirizzo IP salvato nei cookie. Le informazioni ottenute servono a ottimizzare le nostre offerte e a semplificarvi l&#8217;accesso al nostro sito. \u00c8 possibile impedire l\u2019installazione dei cookie con una corrispondente impostazione del vostro browser; tuttavia vi ricordiamo che in questo caso non tutte le funzioni di questo sito web possono essere utilizzate completamente.[\/vc_column_text][\/vc_column][\/vc_row][vc_row][vc_column]<div class=\"ult_row_spacer\"><div class=\"ult-sticky-anchor\"><div class=\"ult-sticky-section ult-sticky \"  data-gutter= '180' data-stick_behaviour= 'stick_permanent' data-lr_position= 'right' data-lr_value= '0'  data-sticky_width= 'customwidth'140 data-sticky_customwidth= '140' data-sticky_position= 'top' data-mobile='no' data-support='no'>[vc_single_image image=&#8221;24529&#8243; img_size=&#8221;full&#8221; alignment=&#8221;center&#8221; css=&#8221;.vc_custom_1753293500201{margin-bottom: 100px !important;border-top-width: 15px !important;border-right-width: 10px !important;border-bottom-width: 15px !important;border-left-width: 15px !important;background-color: #ffffff !important;border-left-style: solid !important;border-right-style: solid !important;border-top-style: solid !important;border-bottom-style: solid !important;border-color: #ffffff !important;}&#8221; image_hovers=&#8221;false&#8221;]<\/div><div class=\"ult-space\"><\/div><\/div><\/div>[\/vc_column][\/vc_row]<\/p>\n<\/div>","protected":false},"excerpt":{"rendered":"<p>[vc_row][vc_column width=&#8221;1\/4&#8243;][\/vc_column][vc_column width=&#8221;1\/2&#8243;][vc_column_text] Contatto [\/vc_column_text][vc_column_text css=&#8221;&#8221;] Heavyteam-Spezialtransport GmbH Amministratore delegato: Martin Gruber M\u00fcnchner Stra\u00dfe 23 6330 Kufstein Austria Tel: +43 5372 71720 Fax: +43 5372 71720-5 info@heavyteam.com www.heavyteam.com P.IVA: ATU 49846804 N. registro imprese: FN 195469f Oggetto sociale: Transportgewerbe Tribunale distrettuale: Landesgericht Innsbruck Membro della WKO Tirol Gewerbeordnung Bezirkshauptmannschaft Kufstein [\/vc_column_text][vc_empty_space height=&#8221;50px&#8221;][\/vc_column][vc_column width=&#8221;1\/4&#8243;][\/vc_column][\/vc_row][vc_row][vc_column][vc_column_text]Progettazione e realizzazione:&hellip;<\/p>\n","protected":false},"author":1,"featured_media":0,"parent":0,"menu_order":60,"comment_status":"closed","ping_status":"closed","template":"","meta":{"footnotes":""},"_links":{"self":[{"href":"https:\/\/www.heavyteam.com\/it\/wp-json\/wp\/v2\/pages\/2342"}],"collection":[{"href":"https:\/\/www.heavyteam.com\/it\/wp-json\/wp\/v2\/pages"}],"about":[{"href":"https:\/\/www.heavyteam.com\/it\/wp-json\/wp\/v2\/types\/page"}],"author":[{"embeddable":true,"href":"https:\/\/www.heavyteam.com\/it\/wp-json\/wp\/v2\/users\/1"}],"replies":[{"embeddable":true,"href":"https:\/\/www.heavyteam.com\/it\/wp-json\/wp\/v2\/comments?post=2342"}],"version-history":[{"count":7,"href":"https:\/\/www.heavyteam.com\/it\/wp-json\/wp\/v2\/pages\/2342\/revisions"}],"predecessor-version":[{"id":2344,"href":"https:\/\/www.heavyteam.com\/it\/wp-json\/wp\/v2\/pages\/2342\/revisions\/2344"}],"wp:attachment":[{"href":"https:\/\/www.heavyteam.com\/it\/wp-json\/wp\/v2\/media?parent=2342"}],"curies":[{"name":"wp","href":"https:\/\/api.w.org\/{rel}","templated":true}]}}